{"id":105,"date":"2013-11-03T23:23:18","date_gmt":"2013-11-03T22:23:18","guid":{"rendered":"http:\/\/novusvita.se\/?page_id=105"},"modified":"2026-02-08T19:26:51","modified_gmt":"2026-02-08T18:26:51","slug":"hej-och-valkommen-till-mej-och-din-framtid","status":"publish","type":"page","link":"https:\/\/novusvita.se\/","title":{"rendered":"V\u00e4lkommen till mej och Din framtid"},"content":{"rendered":"<p>Jag heter Agneta Elison och bor i \u00c5sa i Halland.&nbsp; Jag jobbar sedan 2006 med coaching och verksamhetsutveckling.<br>Sedan&nbsp;2017 arbetar jag \u00e4ven som&nbsp;certifierad Mindfulness instrukt\u00f6r steg 1 och 2.<\/p>\n<p>Funderar du p\u00e5 hur du ska komma vidare i livet&nbsp;eller beh\u00f6ver du lite hj\u00e4lp med att ta ett steg till ?<\/p>\n<p>D\u00e5 f\u00e5r du g\u00e4rna kontakta mig.<\/p>\n<p><a href=\"http:\/\/novusvita.se\/wp-content\/uploads\/2015\/06\/mfcplus-logo-jpg_200x122.jpg\"><img loading=\"lazy\" decoding=\"async\" class=\"size-full wp-image-145 alignleft\" src=\"http:\/\/novusvita.se\/wp-content\/uploads\/2015\/06\/mfcplus-logo-jpg_200x122.jpg\" alt=\"\" width=\"200\" height=\"122\"><\/a><\/p>\n<p>&nbsp;<\/p>\n<p>&nbsp;<\/p>\n<p>&nbsp;<\/p>\n<p><a href=\"http:\/\/novusvita.se\/wp-content\/uploads\/2011\/09\/icc.jpg\"><img loading=\"lazy\" decoding=\"async\" class=\"size-full wp-image-72 alignleft\" src=\"http:\/\/novusvita.se\/wp-content\/uploads\/2011\/09\/icc.jpg\" alt=\"\" width=\"175\" height=\"72\"><\/a><\/p>\n\n\n<p><\/p>\n","protected":false},"excerpt":{"rendered":"<p>Jag heter Agneta Elison och bor i \u00c5sa i Halland.&nbsp; Jag jobbar sedan 2006 med coaching och verksamhetsutveckling.Sedan&nbsp;2017 arbetar jag \u00e4ven som&nbsp;certifierad Mindfulness instrukt\u00f6r steg 1 och 2. Funderar du p\u00e5 hur du ska komma vidare i livet&nbsp;eller beh\u00f6ver du lite hj\u00e4lp med att ta ett steg till ? D\u00e5 f\u00e5r du g\u00e4rna kontakta mig. &hellip; <\/p>\n<p class=\"link-more\"><a href=\"https:\/\/novusvita.se\/\" class=\"more-link\">Continue reading<span class=\"screen-reader-text\"> &#8220;V\u00e4lkommen till mej och Din framtid&#8221;<\/span><\/a><\/p>\n","protected":false},"author":1,"featured_media":273,"parent":0,"menu_order":0,"comment_status":"closed","ping_status":"closed","template":"","meta":{"ngg_post_thumbnail":0,"footnotes":""},"class_list":["post-105","page","type-page","status-publish","has-post-thumbnail","hentry"],"_links":{"self":[{"href":"https:\/\/novusvita.se\/index.php?rest_route=\/wp\/v2\/pages\/105","targetHints":{"allow":["GET"]}}],"collection":[{"href":"https:\/\/novusvita.se\/index.php?rest_route=\/wp\/v2\/pages"}],"about":[{"href":"https:\/\/novusvita.se\/index.php?rest_route=\/wp\/v2\/types\/page"}],"author":[{"embeddable":true,"href":"https:\/\/novusvita.se\/index.php?rest_route=\/wp\/v2\/users\/1"}],"replies":[{"embeddable":true,"href":"https:\/\/novusvita.se\/index.php?rest_route=%2Fwp%2Fv2%2Fcomments&post=105"}],"version-history":[{"count":32,"href":"https:\/\/novusvita.se\/index.php?rest_route=\/wp\/v2\/pages\/105\/revisions"}],"predecessor-version":[{"id":281,"href":"https:\/\/novusvita.se\/index.php?rest_route=\/wp\/v2\/pages\/105\/revisions\/281"}],"wp:featuredmedia":[{"embeddable":true,"href":"https:\/\/novusvita.se\/index.php?rest_route=\/wp\/v2\/media\/273"}],"wp:attachment":[{"href":"https:\/\/novusvita.se\/index.php?rest_route=%2Fwp%2Fv2%2Fmedia&parent=105"}],"curies":[{"name":"wp","href":"https:\/\/api.w.org\/{rel}","templated":true}]}}