{"id":11,"date":"2011-01-03T20:07:09","date_gmt":"2011-01-03T19:07:09","guid":{"rendered":"http:\/\/novusvita.se\/?page_id=11"},"modified":"2019-03-22T20:09:11","modified_gmt":"2019-03-22T19:09:11","slug":"vad-ar-coaching","status":"publish","type":"page","link":"https:\/\/novusvita.se\/?page_id=11","title":{"rendered":"Vad \u00e4r coaching"},"content":{"rendered":"<p>\u00b7 Genom en dialog v\u00e4cka lusten hos en person att finna nya v\u00e4gar<br \/>\n\u00b7 Att st\u00f6tta, utmana och st\u00e4lla fr\u00e5gor till en person<br \/>\n\u00b7 Att g\u00e5 fr\u00e5n ett nul\u00e4ge till \u00f6nskar l\u00e4ge i en f\u00f6r\u00e4ndringsprocess<br \/>\n\u00b7 Genom att st\u00e4lla \u00f6ppna fr\u00e5gor<br \/>\n\u00b7 Tydligg\u00f6ra m\u00e5l som leder till f\u00f6r\u00e4ndrig<br \/>\n\u00b7 Lyssna och bekr\u00e4fta s\u00e5 att klienten sj\u00e4lv ser sina resurser och kommer fram till l\u00f6sningen<\/p>\n<p>K\u00e4lla: Skandinaviska Ledarh\u00f6gskolan<\/p>\n","protected":false},"excerpt":{"rendered":"<p>\u00b7 Genom en dialog v\u00e4cka lusten hos en person att finna nya v\u00e4gar \u00b7 Att st\u00f6tta, utmana och st\u00e4lla fr\u00e5gor till en person \u00b7 Att g\u00e5 fr\u00e5n ett nul\u00e4ge till \u00f6nskar l\u00e4ge i en f\u00f6r\u00e4ndringsprocess \u00b7 Genom att st\u00e4lla \u00f6ppna fr\u00e5gor \u00b7 Tydligg\u00f6ra m\u00e5l som leder till f\u00f6r\u00e4ndrig \u00b7 Lyssna och bekr\u00e4fta s\u00e5 att klienten &hellip; <\/p>\n<p class=\"link-more\"><a href=\"https:\/\/novusvita.se\/?page_id=11\" class=\"more-link\">Continue reading<span class=\"screen-reader-text\"> &#8220;Vad \u00e4r coaching&#8221;<\/span><\/a><\/p>\n","protected":false},"author":1,"featured_media":0,"parent":0,"menu_order":3,"comment_status":"closed","ping_status":"closed","template":"","meta":{"ngg_post_thumbnail":0,"footnotes":""},"class_list":["post-11","page","type-page","status-publish","hentry"],"_links":{"self":[{"href":"https:\/\/novusvita.se\/index.php?rest_route=\/wp\/v2\/pages\/11","targetHints":{"allow":["GET"]}}],"collection":[{"href":"https:\/\/novusvita.se\/index.php?rest_route=\/wp\/v2\/pages"}],"about":[{"href":"https:\/\/novusvita.se\/index.php?rest_route=\/wp\/v2\/types\/page"}],"author":[{"embeddable":true,"href":"https:\/\/novusvita.se\/index.php?rest_route=\/wp\/v2\/users\/1"}],"replies":[{"embeddable":true,"href":"https:\/\/novusvita.se\/index.php?rest_route=%2Fwp%2Fv2%2Fcomments&post=11"}],"version-history":[{"count":6,"href":"https:\/\/novusvita.se\/index.php?rest_route=\/wp\/v2\/pages\/11\/revisions"}],"predecessor-version":[{"id":272,"href":"https:\/\/novusvita.se\/index.php?rest_route=\/wp\/v2\/pages\/11\/revisions\/272"}],"wp:attachment":[{"href":"https:\/\/novusvita.se\/index.php?rest_route=%2Fwp%2Fv2%2Fmedia&parent=11"}],"curies":[{"name":"wp","href":"https:\/\/api.w.org\/{rel}","templated":true}]}}