{"id":146,"date":"2015-06-24T21:44:11","date_gmt":"2015-06-24T19:44:11","guid":{"rendered":"http:\/\/novusvita.se\/?page_id=146"},"modified":"2019-03-22T20:09:01","modified_gmt":"2019-03-22T19:09:01","slug":"mindfulness","status":"publish","type":"page","link":"https:\/\/novusvita.se\/?page_id=146","title":{"rendered":"Mindfulness"},"content":{"rendered":"<p>Mindfulness har sitt ursprung i en urgammal \u00f6sterl\u00e4ndsk buddhistisk metod och livsfilosofi som har anpassats till det moderna samh\u00e4llet. Medveten n\u00e4rvaro \u00e4r en h\u00e4lsosam livsstil och ett f\u00f6rh\u00e5llningss\u00e4tt som \u00e4r baserat p\u00e5 medvetenheten om v\u00e5ra erfarenheter i nuet med \u00f6ppenhet, nyfikenhet och acceptans.<br \/>\nMindfulness \u00e4r den medvetenhet som uppst\u00e5r n\u00e4r vi uppm\u00e4rksammar n\u00e5got p\u00e5 ett s\u00e4rskilt s\u00e4tt, med avsikt, i \u00f6gonblicket, utan att v\u00e4rdera det. \u2013 Jon Kabat-Zinn<\/p>\n<p>Mindfulness \u00e4r ett kraftfullt verktyg f\u00f6r att hantera, stress, oro, f\u00f6r\u00e4ndringar, s\u00f6mnproblem, sm\u00e4rta, sinnesro, acceptans, sj\u00e4lvk\u00e4nsla och livskvalitet.\u00a0Att integrera mindfulness i ditt liv ger m\u00e5nga f\u00f6rdelar. Du f\u00e5r en \u00f6kad f\u00f6rm\u00e5ga till avslappning, f\u00f6rb\u00e4ttrad koncentration och kreativitet, mer livslust och energi, st\u00f6rre sj\u00e4lvinsikt och f\u00f6rst\u00e5else f\u00f6r andra, \u00f6kat sj\u00e4lvf\u00f6rtroende, b\u00e4ttre arbetsresultat och f\u00f6rm\u00e5ga att hantera stress. En \u00f6kad f\u00f6rm\u00e5ga och \u00f6kad medvetenhet om nuet g\u00f6r att du b\u00e4ttre kan m\u00f6ta upp olika situationer med olika valm\u00f6jligheter ist\u00e4llet f\u00f6r att reagera automatiskt. Du f\u00e5r l\u00e4ttare tillg\u00e5ng till dina inre resurser som hj\u00e4lper dig att konstruktivt hantera stress och andra sv\u00e5righeter.<\/p>\n<p>Mindfulness inneh\u00e5ller viktiga attityder:<\/p>\n<ol>\n<li>\u00d6ppenhet<\/li>\n<li>Nyfikenhet<\/li>\n<li>T\u00e5lamod<\/li>\n<li>Nyb\u00f6rjarsinne<\/li>\n<li>Tillit<\/li>\n<li>Inte str\u00e4va<\/li>\n<li>Inte d\u00f6ma<\/li>\n<li>Acceptans<\/li>\n<li>Konsten att sl\u00e4ppa taget<\/li>\n<li>Medk\u00e4nsla<\/li>\n<li>K\u00e4rlek<\/li>\n<li>Humor<\/li>\n<\/ol>\n<p>Avsikten med mindfulness \u2013 att ut\u00f6va meditation, andnings\u00f6vningar och medvetna r\u00f6relser\u00a0kan vara att:<\/p>\n<ul>\n<li>F\u00f6rb\u00e4ttra medvetenheten om sig sj\u00e4lv, sina tankar, k\u00e4nslor och kropp.<\/li>\n<li>F\u00f6rb\u00e4ttra medvetenheten om tankar och k\u00e4nslor.<\/li>\n<li>F\u00f6rb\u00e4ttra medvetenheten om kropp och kroppsk\u00e4nnedom.<\/li>\n<li>F\u00f6rb\u00e4ttra medvetenheten om vad som p\u00e5g\u00e5r i nuet.<\/li>\n<li>Minska upplevd stress.<\/li>\n<li>Utveckla\/f\u00f6rb\u00e4ttra sj\u00e4lvk\u00e4nnedom, sj\u00e4lvk\u00e4nsla, och sj\u00e4lvbild.<\/li>\n<li>F\u00e5 m\u00f6jlighet till minskad sm\u00e4rta.<\/li>\n<li>F\u00f6rb\u00e4ttra sin inre kraft.<\/li>\n<li>F\u00f6rb\u00e4ttra medvetenheten till att fatta kloka beslut.<\/li>\n<li>F\u00f6rb\u00e4ttra acceptans om f\u00f6rl\u00e5tande till sig sj\u00e4lv och det som p\u00e5g\u00e5r i omgivningen.<\/li>\n<\/ul>\n","protected":false},"excerpt":{"rendered":"<p>Mindfulness har sitt ursprung i en urgammal \u00f6sterl\u00e4ndsk buddhistisk metod och livsfilosofi som har anpassats till det moderna samh\u00e4llet. Medveten n\u00e4rvaro \u00e4r en h\u00e4lsosam livsstil och ett f\u00f6rh\u00e5llningss\u00e4tt som \u00e4r baserat p\u00e5 medvetenheten om v\u00e5ra erfarenheter i nuet med \u00f6ppenhet, nyfikenhet och acceptans. Mindfulness \u00e4r den medvetenhet som uppst\u00e5r n\u00e4r vi uppm\u00e4rksammar n\u00e5got p\u00e5 ett &hellip; <\/p>\n<p class=\"link-more\"><a href=\"https:\/\/novusvita.se\/?page_id=146\" class=\"more-link\">Continue reading<span class=\"screen-reader-text\"> &#8220;Mindfulness&#8221;<\/span><\/a><\/p>\n","protected":false},"author":1,"featured_media":0,"parent":0,"menu_order":2,"comment_status":"closed","ping_status":"closed","template":"","meta":{"ngg_post_thumbnail":0,"footnotes":""},"class_list":["post-146","page","type-page","status-publish","hentry"],"_links":{"self":[{"href":"https:\/\/novusvita.se\/index.php?rest_route=\/wp\/v2\/pages\/146","targetHints":{"allow":["GET"]}}],"collection":[{"href":"https:\/\/novusvita.se\/index.php?rest_route=\/wp\/v2\/pages"}],"about":[{"href":"https:\/\/novusvita.se\/index.php?rest_route=\/wp\/v2\/types\/page"}],"author":[{"embeddable":true,"href":"https:\/\/novusvita.se\/index.php?rest_route=\/wp\/v2\/users\/1"}],"replies":[{"embeddable":true,"href":"https:\/\/novusvita.se\/index.php?rest_route=%2Fwp%2Fv2%2Fcomments&post=146"}],"version-history":[{"count":12,"href":"https:\/\/novusvita.se\/index.php?rest_route=\/wp\/v2\/pages\/146\/revisions"}],"predecessor-version":[{"id":271,"href":"https:\/\/novusvita.se\/index.php?rest_route=\/wp\/v2\/pages\/146\/revisions\/271"}],"wp:attachment":[{"href":"https:\/\/novusvita.se\/index.php?rest_route=%2Fwp%2Fv2%2Fmedia&parent=146"}],"curies":[{"name":"wp","href":"https:\/\/api.w.org\/{rel}","templated":true}]}}