{"id":293,"date":"2020-04-15T18:57:45","date_gmt":"2020-04-15T16:57:45","guid":{"rendered":"https:\/\/novusvita.se\/?page_id=293"},"modified":"2025-08-03T18:44:44","modified_gmt":"2025-08-03T16:44:44","slug":"ovningar","status":"publish","type":"page","link":"https:\/\/novusvita.se\/?page_id=293","title":{"rendered":"\u00d6vningar"},"content":{"rendered":"\n<p>H\u00e4r kan du lyssna p\u00e5 guidade mindfulness\u00f6vningar.<\/p>\n\n\n\n<p><\/p>\n\n\n\n<p><\/p>\n\n\n\n<ul class=\"wp-block-list\">\n<li>Andningsankare<\/li>\n<\/ul>\n\n\n\n<figure class=\"wp-block-audio\"><audio controls src=\"https:\/\/novusvita.se\/wp-content\/uploads\/2020\/04\/andningsankare-01.mp3\"><\/audio><figcaption class=\"wp-element-caption\">Andningsankare 1<\/figcaption><\/figure>\n\n\n\n<p><\/p>\n\n\n\n<ul class=\"wp-block-list\">\n<li>Kroppsscanning<\/li>\n<\/ul>\n\n\n\n<figure class=\"wp-block-audio\"><audio controls src=\"https:\/\/novusvita.se\/wp-content\/uploads\/2020\/04\/kroppsscanning-01.mp3\"><\/audio><figcaption class=\"wp-element-caption\">Kroppsscanning 1<\/figcaption><\/figure>\n\n\n\n<p><\/p>\n","protected":false},"excerpt":{"rendered":"<p>H\u00e4r kan du lyssna p\u00e5 guidade mindfulness\u00f6vningar.<\/p>\n","protected":false},"author":1,"featured_media":0,"parent":0,"menu_order":0,"comment_status":"closed","ping_status":"closed","template":"","meta":{"ngg_post_thumbnail":0,"footnotes":""},"class_list":["post-293","page","type-page","status-publish","hentry"],"_links":{"self":[{"href":"https:\/\/novusvita.se\/index.php?rest_route=\/wp\/v2\/pages\/293","targetHints":{"allow":["GET"]}}],"collection":[{"href":"https:\/\/novusvita.se\/index.php?rest_route=\/wp\/v2\/pages"}],"about":[{"href":"https:\/\/novusvita.se\/index.php?rest_route=\/wp\/v2\/types\/page"}],"author":[{"embeddable":true,"href":"https:\/\/novusvita.se\/index.php?rest_route=\/wp\/v2\/users\/1"}],"replies":[{"embeddable":true,"href":"https:\/\/novusvita.se\/index.php?rest_route=%2Fwp%2Fv2%2Fcomments&post=293"}],"version-history":[{"count":13,"href":"https:\/\/novusvita.se\/index.php?rest_route=\/wp\/v2\/pages\/293\/revisions"}],"predecessor-version":[{"id":347,"href":"https:\/\/novusvita.se\/index.php?rest_route=\/wp\/v2\/pages\/293\/revisions\/347"}],"wp:attachment":[{"href":"https:\/\/novusvita.se\/index.php?rest_route=%2Fwp%2Fv2%2Fmedia&parent=293"}],"curies":[{"name":"wp","href":"https:\/\/api.w.org\/{rel}","templated":true}]}}